{"id":2055,"date":"2021-08-03T09:59:25","date_gmt":"2021-08-03T07:59:25","guid":{"rendered":"https:\/\/vitoni-spritz.com\/kontakte\/"},"modified":"2022-05-30T20:03:12","modified_gmt":"2022-05-30T18:03:12","slug":"kontakte","status":"publish","type":"page","link":"https:\/\/vitoni-spritz.com\/de\/kontakte\/","title":{"rendered":"Kontakt"},"content":{"rendered":"\t\t<div data-elementor-type=\"wp-page\" data-elementor-id=\"2055\" class=\"elementor elementor-2055 elementor-46\" data-elementor-post-type=\"page\">\n\t\t\t\t\t\t<section class=\"elementor-section elementor-top-section elementor-element elementor-element-1d6048a elementor-section-full_width elementor-section-height-min-height elementor-section-height-default elementor-section-items-middle\" data-id=\"1d6048a\" data-element_type=\"section\">\n\t\t\t\t\t\t<div class=\"elementor-container elementor-column-gap-no\">\n\t\t\t\t\t<div class=\"elementor-column elementor-col-100 elementor-top-column elementor-element elementor-element-1571d48\" data-id=\"1571d48\" data-element_type=\"column\">\n\t\t\t<div class=\"elementor-widget-wrap elementor-element-populated\">\n\t\t\t\t\t\t<section class=\"elementor-section elementor-inner-section elementor-element elementor-element-9ca8c8e elementor-section-boxed elementor-section-height-default elementor-section-height-default\" data-id=\"9ca8c8e\" data-element_type=\"section\">\n\t\t\t\t\t\t<div class=\"elementor-container elementor-column-gap-no\">\n\t\t\t\t\t<div class=\"elementor-column elementor-col-100 elementor-inner-column elementor-element elementor-element-ab42e19 animated-fast elementor-invisible\" data-id=\"ab42e19\" data-element_type=\"column\" data-settings=\"{&quot;animation&quot;:&quot;fadeIn&quot;,&quot;animation_delay&quot;:200}\">\n\t\t\t<div class=\"elementor-widget-wrap elementor-element-populated\">\n\t\t\t\t\t\t<div class=\"elementor-element elementor-element-e48c7c3 elementor-invisible elementor-widget elementor-widget-heading\" data-id=\"e48c7c3\" data-element_type=\"widget\" data-settings=\"{&quot;_animation&quot;:&quot;fadeInUp&quot;}\" data-widget_type=\"heading.default\">\n\t\t\t\t<div class=\"elementor-widget-container\">\n\t\t\t\t\t<h2 class=\"elementor-heading-title elementor-size-default\">Kontaktiere uns<\/h2>\t\t\t\t<\/div>\n\t\t\t\t<\/div>\n\t\t\t\t\t<\/div>\n\t\t<\/div>\n\t\t\t\t\t<\/div>\n\t\t<\/section>\n\t\t\t\t<section class=\"elementor-section elementor-inner-section elementor-element elementor-element-105efe2 elementor-section-full_width vt-contact-form-box elementor-section-height-default elementor-section-height-default\" data-id=\"105efe2\" data-element_type=\"section\">\n\t\t\t\t\t\t<div class=\"elementor-container elementor-column-gap-no\">\n\t\t\t\t\t<div class=\"elementor-column elementor-col-100 elementor-inner-column elementor-element elementor-element-4269efd animated-fast elementor-invisible\" data-id=\"4269efd\" data-element_type=\"column\" data-settings=\"{&quot;animation&quot;:&quot;fadeIn&quot;,&quot;animation_delay&quot;:200}\">\n\t\t\t<div class=\"elementor-widget-wrap elementor-element-populated\">\n\t\t\t\t\t\t<div class=\"elementor-element elementor-element-8e23db9 elementor-widget elementor-widget-text-editor\" data-id=\"8e23db9\" data-element_type=\"widget\" data-widget_type=\"text-editor.default\">\n\t\t\t\t<div class=\"elementor-widget-container\">\n\t\t\t\t\t\t\t\t\t<p>M\u00f6chtest Du mehr \u00fcber VITONI erfahren? F\u00fcll das Formular aus oder sende uns eine E-Mail an: <strong><a class=\"\" href=\"mailto:ciao@vitoni-spritz.com\">ciao@vitoni-spritz.com<\/a><\/strong><\/p>\t\t\t\t\t\t\t\t<\/div>\n\t\t\t\t<\/div>\n\t\t\t\t<div class=\"elementor-element elementor-element-7e08e5e elementor-button-align-stretch elementor-widget elementor-widget-form\" data-id=\"7e08e5e\" data-element_type=\"widget\" data-settings=\"{&quot;step_next_label&quot;:&quot;Next&quot;,&quot;step_previous_label&quot;:&quot;Previous&quot;,&quot;button_width&quot;:&quot;100&quot;,&quot;step_type&quot;:&quot;number_text&quot;,&quot;step_icon_shape&quot;:&quot;circle&quot;}\" data-widget_type=\"form.default\">\n\t\t\t\t<div class=\"elementor-widget-container\">\n\t\t\t\t\t\t\t<form class=\"elementor-form\" method=\"post\" name=\"Form Contacts\">\n\t\t\t<input type=\"hidden\" name=\"post_id\" value=\"2055\"\/>\n\t\t\t<input type=\"hidden\" name=\"form_id\" value=\"7e08e5e\"\/>\n\t\t\t<input type=\"hidden\" name=\"referer_title\" value=\"Vitoni Spritz\" \/>\n\n\t\t\t\n\t\t\t<div class=\"elementor-form-fields-wrapper elementor-labels-\">\n\t\t\t\t\t\t\t\t<div class=\"elementor-field-type-text elementor-field-group elementor-column elementor-field-group-name elementor-col-100\">\n\t\t\t\t\t\t\t\t\t\t\t\t\t<input size=\"1\" type=\"text\" name=\"form_fields[name]\" id=\"form-field-name\" class=\"elementor-field elementor-size-md  elementor-field-textual\" placeholder=\"Name\">\n\t\t\t\t\t\t\t\t\t\t\t<\/div>\n\t\t\t\t\t\t\t\t<div class=\"elementor-field-type-email elementor-field-group elementor-column elementor-field-group-email elementor-col-100 elementor-field-required\">\n\t\t\t\t\t\t\t\t\t\t\t\t\t<input size=\"1\" type=\"email\" name=\"form_fields[email]\" id=\"form-field-email\" class=\"elementor-field elementor-size-md  elementor-field-textual\" placeholder=\"Email\" required=\"required\" aria-required=\"true\">\n\t\t\t\t\t\t\t\t\t\t\t<\/div>\n\t\t\t\t\t\t\t\t<div class=\"elementor-field-type-textarea elementor-field-group elementor-column elementor-field-group-message elementor-col-100\">\n\t\t\t\t\t<textarea class=\"elementor-field-textual elementor-field  elementor-size-md\" name=\"form_fields[message]\" id=\"form-field-message\" rows=\"4\" placeholder=\"Nachricht\"><\/textarea>\t\t\t\t<\/div>\n\t\t\t\t\t\t\t\t<div class=\"elementor-field-type-acceptance elementor-field-group elementor-column elementor-field-group-field_ca0cbb6 elementor-col-100 elementor-field-required\">\n\t\t\t\t\t\t\t<div class=\"elementor-field-subgroup\">\n\t\t\t<span class=\"elementor-field-option\">\n\t\t\t\t<input type=\"checkbox\" name=\"form_fields[field_ca0cbb6]\" id=\"form-field-field_ca0cbb6\" class=\"elementor-field elementor-size-md  elementor-acceptance-field\" required=\"required\" aria-required=\"true\">\n\t\t\t\t<label for=\"form-field-field_ca0cbb6\">Ich habe die Datenschutzerkl\u00e4rung gelesen und stimme ihr zu<\/label>\t\t\t<\/span>\n\t\t<\/div>\n\t\t\t\t\t\t<\/div>\n\t\t\t\t\t\t\t\t<div class=\"elementor-field-group elementor-column elementor-field-type-submit elementor-col-100 e-form__buttons\">\n\t\t\t\t\t<button type=\"submit\" class=\"elementor-button elementor-size-sm\" id=\"vt-contact-form-submit\">\n\t\t\t\t\t\t<span >\n\t\t\t\t\t\t\t\t\t\t\t\t\t\t\t<span class=\" elementor-button-icon\">\n\t\t\t\t\t\t\t\t\t\t\t\t\t\t\t\t\t\t\t\t\t\t\t\t\t\t<\/span>\n\t\t\t\t\t\t\t\t\t\t\t\t\t\t\t\t\t\t\t\t\t\t<span class=\"elementor-button-text\">Senden<\/span>\n\t\t\t\t\t\t\t\t\t\t\t\t\t<\/span>\n\t\t\t\t\t<\/button>\n\t\t\t\t<\/div>\n\t\t\t<\/div>\n\t\t<\/form>\n\t\t\t\t\t\t<\/div>\n\t\t\t\t<\/div>\n\t\t\t\t\t<\/div>\n\t\t<\/div>\n\t\t\t\t\t<\/div>\n\t\t<\/section>\n\t\t\t\t\t<\/div>\n\t\t<\/div>\n\t\t\t\t\t<\/div>\n\t\t<\/section>\n\t\t\t\t<\/div>\n\t\t","protected":false},"excerpt":{"rendered":"<p>Kontaktiere uns M\u00f6chtest Du mehr \u00fcber VITONI erfahren? F\u00fcll das Formular aus oder sende uns eine E-Mail an: ciao@vitoni-spritz.com<\/p>\n","protected":false},"author":1,"featured_media":0,"parent":0,"menu_order":0,"comment_status":"closed","ping_status":"closed","template":"","meta":{"footnotes":""},"acf":[],"yoast_head":"<!-- This site is optimized with the Yoast SEO plugin v19.4 - https:\/\/yoast.com\/wordpress\/plugins\/seo\/ -->\n<title>Kontakt - Vitoni Spritz | Aperitivo ready to drink<\/title>\n<meta name=\"description\" content=\"M\u00f6chtest Du mehr \u00fcber VITONI erfahren? Wir freuen uns auf Deine Nachricht!\" \/>\n<meta name=\"robots\" content=\"index, follow, max-snippet:-1, max-image-preview:large, max-video-preview:-1\" \/>\n<link rel=\"canonical\" href=\"https:\/\/vitoni-spritz.com\/de\/kontakte\/\" \/>\n<meta property=\"og:locale\" content=\"de_DE\" \/>\n<meta property=\"og:type\" content=\"article\" \/>\n<meta property=\"og:title\" content=\"Kontakt - Vitoni Spritz | Aperitivo ready to drink\" \/>\n<meta property=\"og:description\" content=\"M\u00f6chtest Du mehr \u00fcber VITONI erfahren? Wir freuen uns auf Deine Nachricht!\" \/>\n<meta property=\"og:url\" content=\"https:\/\/vitoni-spritz.com\/de\/kontakte\/\" \/>\n<meta property=\"og:site_name\" content=\"Vitoni Spritz\" \/>\n<meta property=\"article:modified_time\" content=\"2022-05-30T18:03:12+00:00\" \/>\n<meta name=\"twitter:card\" content=\"summary_large_image\" \/>\n<meta name=\"twitter:label1\" content=\"Gesch\u00e4tzte Lesezeit\" \/>\n\t<meta name=\"twitter:data1\" content=\"1 Minute\" \/>\n<script type=\"application\/ld+json\" class=\"yoast-schema-graph\">{\"@context\":\"https:\/\/schema.org\",\"@graph\":[{\"@type\":\"Organization\",\"@id\":\"https:\/\/vitoni-spritz.com\/#organization\",\"name\":\"Vitoni Spritz\",\"url\":\"https:\/\/vitoni-spritz.com\/\",\"sameAs\":[],\"logo\":{\"@type\":\"ImageObject\",\"inLanguage\":\"de-DE\",\"@id\":\"https:\/\/vitoni-spritz.com\/#\/schema\/logo\/image\/\",\"url\":\"https:\/\/vitoni-spritz.com\/wp-content\/uploads\/2021\/06\/vitoni-logo-hor.svg\",\"contentUrl\":\"https:\/\/vitoni-spritz.com\/wp-content\/uploads\/2021\/06\/vitoni-logo-hor.svg\",\"width\":159,\"height\":33,\"caption\":\"Vitoni Spritz\"},\"image\":{\"@id\":\"https:\/\/vitoni-spritz.com\/#\/schema\/logo\/image\/\"}},{\"@type\":\"WebSite\",\"@id\":\"https:\/\/vitoni-spritz.com\/#website\",\"url\":\"https:\/\/vitoni-spritz.com\/\",\"name\":\"Vitoni Spritz\",\"description\":\"Aperitivo ready to drink\",\"publisher\":{\"@id\":\"https:\/\/vitoni-spritz.com\/#organization\"},\"potentialAction\":[{\"@type\":\"SearchAction\",\"target\":{\"@type\":\"EntryPoint\",\"urlTemplate\":\"https:\/\/vitoni-spritz.com\/?s={search_term_string}\"},\"query-input\":\"required name=search_term_string\"}],\"inLanguage\":\"de-DE\"},{\"@type\":\"WebPage\",\"@id\":\"https:\/\/vitoni-spritz.com\/de\/kontakte\/\",\"url\":\"https:\/\/vitoni-spritz.com\/de\/kontakte\/\",\"name\":\"Kontakt - Vitoni Spritz | Aperitivo ready to drink\",\"isPartOf\":{\"@id\":\"https:\/\/vitoni-spritz.com\/#website\"},\"datePublished\":\"2021-08-03T07:59:25+00:00\",\"dateModified\":\"2022-05-30T18:03:12+00:00\",\"description\":\"M\u00f6chtest Du mehr \u00fcber VITONI erfahren? Wir freuen uns auf Deine Nachricht!\",\"breadcrumb\":{\"@id\":\"https:\/\/vitoni-spritz.com\/de\/kontakte\/#breadcrumb\"},\"inLanguage\":\"de-DE\",\"potentialAction\":[{\"@type\":\"ReadAction\",\"target\":[\"https:\/\/vitoni-spritz.com\/de\/kontakte\/\"]}]},{\"@type\":\"BreadcrumbList\",\"@id\":\"https:\/\/vitoni-spritz.com\/de\/kontakte\/#breadcrumb\",\"itemListElement\":[{\"@type\":\"ListItem\",\"position\":1,\"name\":\"Home\",\"item\":\"https:\/\/vitoni-spritz.com\/de\/\"},{\"@type\":\"ListItem\",\"position\":2,\"name\":\"Kontakt\"}]}]}<\/script>\n<!-- \/ Yoast SEO plugin. -->","yoast_head_json":{"title":"Kontakt - Vitoni Spritz | Aperitivo ready to drink","description":"M\u00f6chtest Du mehr \u00fcber VITONI erfahren? Wir freuen uns auf Deine Nachricht!","robots":{"index":"index","follow":"follow","max-snippet":"max-snippet:-1","max-image-preview":"max-image-preview:large","max-video-preview":"max-video-preview:-1"},"canonical":"https:\/\/vitoni-spritz.com\/de\/kontakte\/","og_locale":"de_DE","og_type":"article","og_title":"Kontakt - Vitoni Spritz | Aperitivo ready to drink","og_description":"M\u00f6chtest Du mehr \u00fcber VITONI erfahren? Wir freuen uns auf Deine Nachricht!","og_url":"https:\/\/vitoni-spritz.com\/de\/kontakte\/","og_site_name":"Vitoni Spritz","article_modified_time":"2022-05-30T18:03:12+00:00","twitter_card":"summary_large_image","twitter_misc":{"Gesch\u00e4tzte Lesezeit":"1 Minute"},"schema":{"@context":"https:\/\/schema.org","@graph":[{"@type":"Organization","@id":"https:\/\/vitoni-spritz.com\/#organization","name":"Vitoni Spritz","url":"https:\/\/vitoni-spritz.com\/","sameAs":[],"logo":{"@type":"ImageObject","inLanguage":"de-DE","@id":"https:\/\/vitoni-spritz.com\/#\/schema\/logo\/image\/","url":"https:\/\/vitoni-spritz.com\/wp-content\/uploads\/2021\/06\/vitoni-logo-hor.svg","contentUrl":"https:\/\/vitoni-spritz.com\/wp-content\/uploads\/2021\/06\/vitoni-logo-hor.svg","width":159,"height":33,"caption":"Vitoni Spritz"},"image":{"@id":"https:\/\/vitoni-spritz.com\/#\/schema\/logo\/image\/"}},{"@type":"WebSite","@id":"https:\/\/vitoni-spritz.com\/#website","url":"https:\/\/vitoni-spritz.com\/","name":"Vitoni Spritz","description":"Aperitivo ready to drink","publisher":{"@id":"https:\/\/vitoni-spritz.com\/#organization"},"potentialAction":[{"@type":"SearchAction","target":{"@type":"EntryPoint","urlTemplate":"https:\/\/vitoni-spritz.com\/?s={search_term_string}"},"query-input":"required name=search_term_string"}],"inLanguage":"de-DE"},{"@type":"WebPage","@id":"https:\/\/vitoni-spritz.com\/de\/kontakte\/","url":"https:\/\/vitoni-spritz.com\/de\/kontakte\/","name":"Kontakt - Vitoni Spritz | Aperitivo ready to drink","isPartOf":{"@id":"https:\/\/vitoni-spritz.com\/#website"},"datePublished":"2021-08-03T07:59:25+00:00","dateModified":"2022-05-30T18:03:12+00:00","description":"M\u00f6chtest Du mehr \u00fcber VITONI erfahren? Wir freuen uns auf Deine Nachricht!","breadcrumb":{"@id":"https:\/\/vitoni-spritz.com\/de\/kontakte\/#breadcrumb"},"inLanguage":"de-DE","potentialAction":[{"@type":"ReadAction","target":["https:\/\/vitoni-spritz.com\/de\/kontakte\/"]}]},{"@type":"BreadcrumbList","@id":"https:\/\/vitoni-spritz.com\/de\/kontakte\/#breadcrumb","itemListElement":[{"@type":"ListItem","position":1,"name":"Home","item":"https:\/\/vitoni-spritz.com\/de\/"},{"@type":"ListItem","position":2,"name":"Kontakt"}]}]}},"_links":{"self":[{"href":"https:\/\/vitoni-spritz.com\/de\/wp-json\/wp\/v2\/pages\/2055"}],"collection":[{"href":"https:\/\/vitoni-spritz.com\/de\/wp-json\/wp\/v2\/pages"}],"about":[{"href":"https:\/\/vitoni-spritz.com\/de\/wp-json\/wp\/v2\/types\/page"}],"author":[{"embeddable":true,"href":"https:\/\/vitoni-spritz.com\/de\/wp-json\/wp\/v2\/users\/1"}],"replies":[{"embeddable":true,"href":"https:\/\/vitoni-spritz.com\/de\/wp-json\/wp\/v2\/comments?post=2055"}],"version-history":[{"count":20,"href":"https:\/\/vitoni-spritz.com\/de\/wp-json\/wp\/v2\/pages\/2055\/revisions"}],"predecessor-version":[{"id":3790,"href":"https:\/\/vitoni-spritz.com\/de\/wp-json\/wp\/v2\/pages\/2055\/revisions\/3790"}],"wp:attachment":[{"href":"https:\/\/vitoni-spritz.com\/de\/wp-json\/wp\/v2\/media?parent=2055"}],"curies":[{"name":"wp","href":"https:\/\/api.w.org\/{rel}","templated":true}]}}