{"id":2073,"date":"2021-06-29T16:04:07","date_gmt":"2021-08-03T08:16:43","guid":{"rendered":"https:\/\/vitoni-spritz.com\/product\/vitoni-white\/"},"modified":"2025-07-18T12:00:11","modified_gmt":"2025-07-18T10:00:11","slug":"vitoni-white","status":"publish","type":"product","link":"https:\/\/vitoni-spritz.com\/de\/product\/vitoni-white\/","title":{"rendered":"Vitoni"},"content":{"rendered":"<p><b>VITONI Spritz Bianco &#8211; L&#8217;Aperitivo Leggero<\/b><\/p>\n<p>Der authentische Spritz mit italienischem Wei\u00dfwein und Tonic Water: Ber\u00fchmt f\u00fcr seine Leichtigkeit und seinen erfrischenden Geschmack eroberte er in den 1950er Jahren die Piazze Italiens.<\/p>\n<p>6% Alkohol, 100% echter italienischer Geschmack.<\/p>\n<p>Perfekt zu jeder Gelegenheit. Gek\u00fchlt direkt aus der Flasche oder im Glas auf Eis.<\/p>\n<p>Klimaneutral | Ricetta Originale<\/p>\n<p>Chininhaltig. Box mit 6 Flaschen a 275 ml<\/p>\n","protected":false},"excerpt":{"rendered":"<h3>RICETTA ORIGINALE ITALIANA<\/h3>\n<p>Spritz wie er fr\u00fcher war. Genie\u00dfe die perfekte Mischung aus italienischem Secco und Tonic Water. Einst ein Malaria Heilmittel, heute ein kultiger Premium Spritz. Hergestellt aus prickelndem italienischen Wein und unserem erfrischenden Tonic Water. Basierend auf einem italienischen Original Rezept. Egal ob zum Sundowner mit Freunden oder bei der n\u00e4chsten Gartenparty &#8211; VITONI ist perfekt zu jedem Anlass. Gek\u00fchlt direkt aus der Flasche oder in einem Glas auf Eis mit einer Scheibe Zitrone. Verf\u00fcgbar als klassische Bianco- oder fruchtige Ros\u00e9-Version, immer mit 6% Alkohol und 100% italienischem Geschmack. Lass Dir den VITONI Spritz jetzt schnell und unkompliziert zu Dir nach Hause liefern.<\/p>\n<ul>\n<li><img decoding=\"async\" src=\"https:\/\/vitoni-spritz.com\/wp-content\/uploads\/2021\/06\/vitoni-star-1.svg\" width=\"25px\" \/>APERITIVO READY TO DRINK<\/li>\n<li><img decoding=\"async\" src=\"https:\/\/vitoni-spritz.com\/wp-content\/uploads\/2021\/06\/vitoni-star-1.svg\" width=\"25px\" \/>CLEAN LABEL<\/li>\n<li><img decoding=\"async\" src=\"https:\/\/vitoni-spritz.com\/wp-content\/uploads\/2021\/06\/vitoni-star-1.svg\" width=\"25px\" \/>KLIMANEUTRAL<\/li>\n<li><img decoding=\"async\" src=\"https:\/\/vitoni-spritz.com\/wp-content\/uploads\/2021\/06\/vitoni-star-1.svg\" width=\"25px\" \/>ENTH\u00c4LT CHININ<\/li>\n<li><img decoding=\"async\" src=\"https:\/\/vitoni-spritz.com\/wp-content\/uploads\/2021\/06\/vitoni-star-1.svg\" width=\"25px\" \/>PRODUCT OF ITALY<\/li>\n<li><img decoding=\"async\" src=\"https:\/\/vitoni-spritz.com\/wp-content\/uploads\/2021\/06\/vitoni-star-1.svg\" width=\"25px\" \/>BRUCHSICHER VERPACKT<\/li>\n<\/ul>\n<p>&nbsp;<\/p>\n<p><b class=\"vsifo\">VERSANDKOSTENFREI DE AB 50\u20ac<br \/>\nLIEFERDAUER 1-2 WERKTAGE\u00a0<\/b><\/p>\n","protected":false},"featured_media":2161,"template":"","meta":[],"product_cat":[72],"product_tag":[],"acf":[],"yoast_head":"<!-- This site is optimized with the Yoast SEO plugin v19.4 - https:\/\/yoast.com\/wordpress\/plugins\/seo\/ -->\n<title>Vitoni - Vitoni Spritz | Aperitivo ready to drink<\/title>\n<meta name=\"description\" content=\"Genie\u00dfe die perfekte Mischung aus italienischem Wei\u00dfwein und erfrischendem Tonic Water. 6% Alkohol, 100% italienischer Geschmack.\" \/>\n<meta name=\"robots\" content=\"index, follow, max-snippet:-1, max-image-preview:large, max-video-preview:-1\" \/>\n<link rel=\"canonical\" href=\"https:\/\/vitoni-spritz.com\/de\/product\/vitoni-white\/\" \/>\n<meta property=\"og:locale\" content=\"de_DE\" \/>\n<meta property=\"og:type\" content=\"article\" \/>\n<meta property=\"og:title\" content=\"Vitoni - Vitoni Spritz | Aperitivo ready to drink\" \/>\n<meta property=\"og:description\" content=\"Genie\u00dfe die perfekte Mischung aus italienischem Wei\u00dfwein und erfrischendem Tonic Water. 6% Alkohol, 100% italienischer Geschmack.\" \/>\n<meta property=\"og:url\" content=\"https:\/\/vitoni-spritz.com\/de\/product\/vitoni-white\/\" \/>\n<meta property=\"og:site_name\" content=\"Vitoni Spritz\" \/>\n<meta property=\"article:modified_time\" content=\"2025-07-18T10:00:11+00:00\" \/>\n<meta property=\"og:image\" content=\"https:\/\/vitoni-spritz.com\/wp-content\/uploads\/2021\/08\/02-Vitoni-Aperitivo.jpg\" \/>\n\t<meta property=\"og:image:width\" content=\"1080\" \/>\n\t<meta property=\"og:image:height\" content=\"1350\" \/>\n\t<meta property=\"og:image:type\" content=\"image\/jpeg\" \/>\n<meta name=\"twitter:card\" content=\"summary_large_image\" \/>\n<meta name=\"twitter:label1\" content=\"Gesch\u00e4tzte Lesezeit\" \/>\n\t<meta name=\"twitter:data1\" content=\"1 Minute\" \/>\n<script type=\"application\/ld+json\" class=\"yoast-schema-graph\">{\"@context\":\"https:\/\/schema.org\",\"@graph\":[{\"@type\":\"Organization\",\"@id\":\"https:\/\/vitoni-spritz.com\/#organization\",\"name\":\"Vitoni Spritz\",\"url\":\"https:\/\/vitoni-spritz.com\/\",\"sameAs\":[],\"logo\":{\"@type\":\"ImageObject\",\"inLanguage\":\"de-DE\",\"@id\":\"https:\/\/vitoni-spritz.com\/#\/schema\/logo\/image\/\",\"url\":\"https:\/\/vitoni-spritz.com\/wp-content\/uploads\/2021\/06\/vitoni-logo-hor.svg\",\"contentUrl\":\"https:\/\/vitoni-spritz.com\/wp-content\/uploads\/2021\/06\/vitoni-logo-hor.svg\",\"width\":159,\"height\":33,\"caption\":\"Vitoni Spritz\"},\"image\":{\"@id\":\"https:\/\/vitoni-spritz.com\/#\/schema\/logo\/image\/\"}},{\"@type\":\"WebSite\",\"@id\":\"https:\/\/vitoni-spritz.com\/#website\",\"url\":\"https:\/\/vitoni-spritz.com\/\",\"name\":\"Vitoni Spritz\",\"description\":\"Aperitivo ready to drink\",\"publisher\":{\"@id\":\"https:\/\/vitoni-spritz.com\/#organization\"},\"potentialAction\":[{\"@type\":\"SearchAction\",\"target\":{\"@type\":\"EntryPoint\",\"urlTemplate\":\"https:\/\/vitoni-spritz.com\/?s={search_term_string}\"},\"query-input\":\"required name=search_term_string\"}],\"inLanguage\":\"de-DE\"},{\"@type\":\"WebPage\",\"@id\":\"https:\/\/vitoni-spritz.com\/de\/product\/vitoni-white\/\",\"url\":\"https:\/\/vitoni-spritz.com\/de\/product\/vitoni-white\/\",\"name\":\"Vitoni - Vitoni Spritz | Aperitivo ready to drink\",\"isPartOf\":{\"@id\":\"https:\/\/vitoni-spritz.com\/#website\"},\"datePublished\":\"2021-08-03T08:16:43+00:00\",\"dateModified\":\"2025-07-18T10:00:11+00:00\",\"description\":\"Genie\u00dfe die perfekte Mischung aus italienischem Wei\u00dfwein und erfrischendem Tonic Water. 6% Alkohol, 100% italienischer Geschmack.\",\"breadcrumb\":{\"@id\":\"https:\/\/vitoni-spritz.com\/de\/product\/vitoni-white\/#breadcrumb\"},\"inLanguage\":\"de-DE\",\"potentialAction\":[{\"@type\":\"ReadAction\",\"target\":[\"https:\/\/vitoni-spritz.com\/de\/product\/vitoni-white\/\"]}]},{\"@type\":\"BreadcrumbList\",\"@id\":\"https:\/\/vitoni-spritz.com\/de\/product\/vitoni-white\/#breadcrumb\",\"itemListElement\":[{\"@type\":\"ListItem\",\"position\":1,\"name\":\"Home\",\"item\":\"https:\/\/vitoni-spritz.com\/de\/\"},{\"@type\":\"ListItem\",\"position\":2,\"name\":\"Vitoni\"}]}]}<\/script>\n<!-- \/ Yoast SEO plugin. -->","yoast_head_json":{"title":"Vitoni - Vitoni Spritz | Aperitivo ready to drink","description":"Genie\u00dfe die perfekte Mischung aus italienischem Wei\u00dfwein und erfrischendem Tonic Water. 6% Alkohol, 100% italienischer Geschmack.","robots":{"index":"index","follow":"follow","max-snippet":"max-snippet:-1","max-image-preview":"max-image-preview:large","max-video-preview":"max-video-preview:-1"},"canonical":"https:\/\/vitoni-spritz.com\/de\/product\/vitoni-white\/","og_locale":"de_DE","og_type":"article","og_title":"Vitoni - Vitoni Spritz | Aperitivo ready to drink","og_description":"Genie\u00dfe die perfekte Mischung aus italienischem Wei\u00dfwein und erfrischendem Tonic Water. 6% Alkohol, 100% italienischer Geschmack.","og_url":"https:\/\/vitoni-spritz.com\/de\/product\/vitoni-white\/","og_site_name":"Vitoni Spritz","article_modified_time":"2025-07-18T10:00:11+00:00","og_image":[{"width":1080,"height":1350,"url":"https:\/\/vitoni-spritz.com\/wp-content\/uploads\/2021\/08\/02-Vitoni-Aperitivo.jpg","type":"image\/jpeg"}],"twitter_card":"summary_large_image","twitter_misc":{"Gesch\u00e4tzte Lesezeit":"1 Minute"},"schema":{"@context":"https:\/\/schema.org","@graph":[{"@type":"Organization","@id":"https:\/\/vitoni-spritz.com\/#organization","name":"Vitoni Spritz","url":"https:\/\/vitoni-spritz.com\/","sameAs":[],"logo":{"@type":"ImageObject","inLanguage":"de-DE","@id":"https:\/\/vitoni-spritz.com\/#\/schema\/logo\/image\/","url":"https:\/\/vitoni-spritz.com\/wp-content\/uploads\/2021\/06\/vitoni-logo-hor.svg","contentUrl":"https:\/\/vitoni-spritz.com\/wp-content\/uploads\/2021\/06\/vitoni-logo-hor.svg","width":159,"height":33,"caption":"Vitoni Spritz"},"image":{"@id":"https:\/\/vitoni-spritz.com\/#\/schema\/logo\/image\/"}},{"@type":"WebSite","@id":"https:\/\/vitoni-spritz.com\/#website","url":"https:\/\/vitoni-spritz.com\/","name":"Vitoni Spritz","description":"Aperitivo ready to drink","publisher":{"@id":"https:\/\/vitoni-spritz.com\/#organization"},"potentialAction":[{"@type":"SearchAction","target":{"@type":"EntryPoint","urlTemplate":"https:\/\/vitoni-spritz.com\/?s={search_term_string}"},"query-input":"required name=search_term_string"}],"inLanguage":"de-DE"},{"@type":"WebPage","@id":"https:\/\/vitoni-spritz.com\/de\/product\/vitoni-white\/","url":"https:\/\/vitoni-spritz.com\/de\/product\/vitoni-white\/","name":"Vitoni - Vitoni Spritz | Aperitivo ready to drink","isPartOf":{"@id":"https:\/\/vitoni-spritz.com\/#website"},"datePublished":"2021-08-03T08:16:43+00:00","dateModified":"2025-07-18T10:00:11+00:00","description":"Genie\u00dfe die perfekte Mischung aus italienischem Wei\u00dfwein und erfrischendem Tonic Water. 6% Alkohol, 100% italienischer Geschmack.","breadcrumb":{"@id":"https:\/\/vitoni-spritz.com\/de\/product\/vitoni-white\/#breadcrumb"},"inLanguage":"de-DE","potentialAction":[{"@type":"ReadAction","target":["https:\/\/vitoni-spritz.com\/de\/product\/vitoni-white\/"]}]},{"@type":"BreadcrumbList","@id":"https:\/\/vitoni-spritz.com\/de\/product\/vitoni-white\/#breadcrumb","itemListElement":[{"@type":"ListItem","position":1,"name":"Home","item":"https:\/\/vitoni-spritz.com\/de\/"},{"@type":"ListItem","position":2,"name":"Vitoni"}]}]}},"_links":{"self":[{"href":"https:\/\/vitoni-spritz.com\/de\/wp-json\/wp\/v2\/product\/2073"}],"collection":[{"href":"https:\/\/vitoni-spritz.com\/de\/wp-json\/wp\/v2\/product"}],"about":[{"href":"https:\/\/vitoni-spritz.com\/de\/wp-json\/wp\/v2\/types\/product"}],"version-history":[{"count":4,"href":"https:\/\/vitoni-spritz.com\/de\/wp-json\/wp\/v2\/product\/2073\/revisions"}],"predecessor-version":[{"id":5067,"href":"https:\/\/vitoni-spritz.com\/de\/wp-json\/wp\/v2\/product\/2073\/revisions\/5067"}],"wp:featuredmedia":[{"embeddable":true,"href":"https:\/\/vitoni-spritz.com\/de\/wp-json\/wp\/v2\/media\/2161"}],"wp:attachment":[{"href":"https:\/\/vitoni-spritz.com\/de\/wp-json\/wp\/v2\/media?parent=2073"}],"wp:term":[{"taxonomy":"product_cat","embeddable":true,"href":"https:\/\/vitoni-spritz.com\/de\/wp-json\/wp\/v2\/product_cat?post=2073"},{"taxonomy":"product_tag","embeddable":true,"href":"https:\/\/vitoni-spritz.com\/de\/wp-json\/wp\/v2\/product_tag?post=2073"}],"curies":[{"name":"wp","href":"https:\/\/api.w.org\/{rel}","templated":true}]}}