{"id":2890,"date":"2021-09-03T14:29:48","date_gmt":"2021-09-03T12:29:48","guid":{"rendered":"https:\/\/vitoni-spritz.com\/impressum\/"},"modified":"2021-09-22T12:11:14","modified_gmt":"2021-09-22T10:11:14","slug":"impressum","status":"publish","type":"page","link":"https:\/\/vitoni-spritz.com\/it\/impressum\/","title":{"rendered":"Impressum"},"content":{"rendered":"\t\t<div data-elementor-type=\"wp-page\" data-elementor-id=\"2890\" class=\"elementor elementor-2890 elementor-2884\" data-elementor-post-type=\"page\">\n\t\t\t\t\t\t<section class=\"elementor-section elementor-top-section elementor-element elementor-element-64cf496 elementor-section-boxed elementor-section-height-default elementor-section-height-default\" data-id=\"64cf496\" data-element_type=\"section\">\n\t\t\t\t\t\t<div class=\"elementor-container elementor-column-gap-default\">\n\t\t\t\t\t<div class=\"elementor-column elementor-col-100 elementor-top-column elementor-element elementor-element-2ca26b1\" data-id=\"2ca26b1\" data-element_type=\"column\">\n\t\t\t<div class=\"elementor-widget-wrap elementor-element-populated\">\n\t\t\t\t\t\t<div class=\"elementor-element elementor-element-79f685b elementor-widget elementor-widget-heading\" data-id=\"79f685b\" data-element_type=\"widget\" data-widget_type=\"heading.default\">\n\t\t\t\t<div class=\"elementor-widget-container\">\n\t\t\t\t\t<h2 class=\"elementor-heading-title elementor-size-default\">IMPRESSUM<\/h2>\t\t\t\t<\/div>\n\t\t\t\t<\/div>\n\t\t\t\t<div class=\"elementor-element elementor-element-8abc758 elementor-widget elementor-widget-text-editor\" data-id=\"8abc758\" data-element_type=\"widget\" data-widget_type=\"text-editor.default\">\n\t\t\t\t<div class=\"elementor-widget-container\">\n\t\t\t\t\t\t\t\t\t<p>Impressum nach \u00a7 5 TMG:<br \/>ITALBEV GmbH<br \/>Ammerlander Hauptstr. 2<br \/>82541 M\u00fcnsing\u00a0<br \/>Deutschland<br \/>E-Mail:\u00a0<a class=\"c-link\" href=\"mailto:ciao@vitoni-spritz.com\" target=\"_blank\" rel=\"noopener noreferrer\" data-sk=\"tooltip_parent\">ciao@vitoni-spritz.com<\/a><br \/>Tel.: +49 (0) 8177 364 994 0<br \/>Gesch\u00e4ftsf\u00fchrer: Philipp Mack<br \/>Amtsgericht M\u00fcnchen HRB 260691<br \/>USt-IdNr. DE815885924<\/p>\t\t\t\t\t\t\t\t<\/div>\n\t\t\t\t<\/div>\n\t\t\t\t\t<\/div>\n\t\t<\/div>\n\t\t\t\t\t<\/div>\n\t\t<\/section>\n\t\t\t\t<\/div>\n\t\t","protected":false},"excerpt":{"rendered":"<p>IMPRESSUM Impressum nach \u00a7 5 TMG: ITALBEV GmbH Ammerlander Hauptstr. 2 82541 M\u00fcnsing Deutschland E-Mail:\u00a0ciao@vitoni-spritz.com Tel.: +49 (0) 8177 364 994 0 Gesch\u00e4ftsf\u00fchrer: Philipp Mack Amtsgericht M\u00fcnchen HRB 260691 USt-IdNr. DE815885924<\/p>\n","protected":false},"author":1,"featured_media":0,"parent":0,"menu_order":0,"comment_status":"closed","ping_status":"closed","template":"","meta":{"footnotes":""},"acf":[],"yoast_head":"<!-- This site is optimized with the Yoast SEO plugin v19.4 - https:\/\/yoast.com\/wordpress\/plugins\/seo\/ -->\n<title>Impressum - Vitoni Spritz | Aperitivo ready to drink<\/title>\n<meta name=\"robots\" content=\"index, follow, max-snippet:-1, max-image-preview:large, max-video-preview:-1\" \/>\n<link rel=\"canonical\" href=\"https:\/\/vitoni-spritz.com\/it\/impressum\/\" \/>\n<meta property=\"og:locale\" content=\"it_IT\" \/>\n<meta property=\"og:type\" content=\"article\" \/>\n<meta property=\"og:title\" content=\"Impressum - Vitoni Spritz | Aperitivo ready to drink\" \/>\n<meta property=\"og:description\" content=\"IMPRESSUM Impressum nach \u00a7 5 TMG: ITALBEV GmbH Ammerlander Hauptstr. 2 82541 M\u00fcnsing Deutschland E-Mail:\u00a0ciao@vitoni-spritz.com Tel.: +49 (0) 8177 364 994 0 Gesch\u00e4ftsf\u00fchrer: Philipp Mack Amtsgericht M\u00fcnchen HRB 260691 USt-IdNr. DE815885924\" \/>\n<meta property=\"og:url\" content=\"https:\/\/vitoni-spritz.com\/it\/impressum\/\" \/>\n<meta property=\"og:site_name\" content=\"Vitoni Spritz\" \/>\n<meta property=\"article:modified_time\" content=\"2021-09-22T10:11:14+00:00\" \/>\n<meta name=\"twitter:card\" content=\"summary_large_image\" \/>\n<script type=\"application\/ld+json\" class=\"yoast-schema-graph\">{\"@context\":\"https:\/\/schema.org\",\"@graph\":[{\"@type\":\"Organization\",\"@id\":\"https:\/\/vitoni-spritz.com\/#organization\",\"name\":\"Vitoni Spritz\",\"url\":\"https:\/\/vitoni-spritz.com\/\",\"sameAs\":[],\"logo\":{\"@type\":\"ImageObject\",\"inLanguage\":\"it-IT\",\"@id\":\"https:\/\/vitoni-spritz.com\/#\/schema\/logo\/image\/\",\"url\":\"https:\/\/vitoni-spritz.com\/wp-content\/uploads\/2021\/06\/vitoni-logo-hor.svg\",\"contentUrl\":\"https:\/\/vitoni-spritz.com\/wp-content\/uploads\/2021\/06\/vitoni-logo-hor.svg\",\"width\":159,\"height\":33,\"caption\":\"Vitoni Spritz\"},\"image\":{\"@id\":\"https:\/\/vitoni-spritz.com\/#\/schema\/logo\/image\/\"}},{\"@type\":\"WebSite\",\"@id\":\"https:\/\/vitoni-spritz.com\/#website\",\"url\":\"https:\/\/vitoni-spritz.com\/\",\"name\":\"Vitoni Spritz\",\"description\":\"Aperitivo ready to drink\",\"publisher\":{\"@id\":\"https:\/\/vitoni-spritz.com\/#organization\"},\"potentialAction\":[{\"@type\":\"SearchAction\",\"target\":{\"@type\":\"EntryPoint\",\"urlTemplate\":\"https:\/\/vitoni-spritz.com\/?s={search_term_string}\"},\"query-input\":\"required name=search_term_string\"}],\"inLanguage\":\"it-IT\"},{\"@type\":\"WebPage\",\"@id\":\"https:\/\/vitoni-spritz.com\/it\/impressum\/\",\"url\":\"https:\/\/vitoni-spritz.com\/it\/impressum\/\",\"name\":\"Impressum - Vitoni Spritz | Aperitivo ready to drink\",\"isPartOf\":{\"@id\":\"https:\/\/vitoni-spritz.com\/#website\"},\"datePublished\":\"2021-09-03T12:29:48+00:00\",\"dateModified\":\"2021-09-22T10:11:14+00:00\",\"breadcrumb\":{\"@id\":\"https:\/\/vitoni-spritz.com\/it\/impressum\/#breadcrumb\"},\"inLanguage\":\"it-IT\",\"potentialAction\":[{\"@type\":\"ReadAction\",\"target\":[\"https:\/\/vitoni-spritz.com\/it\/impressum\/\"]}]},{\"@type\":\"BreadcrumbList\",\"@id\":\"https:\/\/vitoni-spritz.com\/it\/impressum\/#breadcrumb\",\"itemListElement\":[{\"@type\":\"ListItem\",\"position\":1,\"name\":\"Home\",\"item\":\"https:\/\/vitoni-spritz.com\/it\/\"},{\"@type\":\"ListItem\",\"position\":2,\"name\":\"Impressum\"}]}]}<\/script>\n<!-- \/ Yoast SEO plugin. -->","yoast_head_json":{"title":"Impressum - Vitoni Spritz | Aperitivo ready to drink","robots":{"index":"index","follow":"follow","max-snippet":"max-snippet:-1","max-image-preview":"max-image-preview:large","max-video-preview":"max-video-preview:-1"},"canonical":"https:\/\/vitoni-spritz.com\/it\/impressum\/","og_locale":"it_IT","og_type":"article","og_title":"Impressum - Vitoni Spritz | Aperitivo ready to drink","og_description":"IMPRESSUM Impressum nach \u00a7 5 TMG: ITALBEV GmbH Ammerlander Hauptstr. 2 82541 M\u00fcnsing Deutschland E-Mail:\u00a0ciao@vitoni-spritz.com Tel.: +49 (0) 8177 364 994 0 Gesch\u00e4ftsf\u00fchrer: Philipp Mack Amtsgericht M\u00fcnchen HRB 260691 USt-IdNr. DE815885924","og_url":"https:\/\/vitoni-spritz.com\/it\/impressum\/","og_site_name":"Vitoni Spritz","article_modified_time":"2021-09-22T10:11:14+00:00","twitter_card":"summary_large_image","schema":{"@context":"https:\/\/schema.org","@graph":[{"@type":"Organization","@id":"https:\/\/vitoni-spritz.com\/#organization","name":"Vitoni Spritz","url":"https:\/\/vitoni-spritz.com\/","sameAs":[],"logo":{"@type":"ImageObject","inLanguage":"it-IT","@id":"https:\/\/vitoni-spritz.com\/#\/schema\/logo\/image\/","url":"https:\/\/vitoni-spritz.com\/wp-content\/uploads\/2021\/06\/vitoni-logo-hor.svg","contentUrl":"https:\/\/vitoni-spritz.com\/wp-content\/uploads\/2021\/06\/vitoni-logo-hor.svg","width":159,"height":33,"caption":"Vitoni Spritz"},"image":{"@id":"https:\/\/vitoni-spritz.com\/#\/schema\/logo\/image\/"}},{"@type":"WebSite","@id":"https:\/\/vitoni-spritz.com\/#website","url":"https:\/\/vitoni-spritz.com\/","name":"Vitoni Spritz","description":"Aperitivo ready to drink","publisher":{"@id":"https:\/\/vitoni-spritz.com\/#organization"},"potentialAction":[{"@type":"SearchAction","target":{"@type":"EntryPoint","urlTemplate":"https:\/\/vitoni-spritz.com\/?s={search_term_string}"},"query-input":"required name=search_term_string"}],"inLanguage":"it-IT"},{"@type":"WebPage","@id":"https:\/\/vitoni-spritz.com\/it\/impressum\/","url":"https:\/\/vitoni-spritz.com\/it\/impressum\/","name":"Impressum - Vitoni Spritz | Aperitivo ready to drink","isPartOf":{"@id":"https:\/\/vitoni-spritz.com\/#website"},"datePublished":"2021-09-03T12:29:48+00:00","dateModified":"2021-09-22T10:11:14+00:00","breadcrumb":{"@id":"https:\/\/vitoni-spritz.com\/it\/impressum\/#breadcrumb"},"inLanguage":"it-IT","potentialAction":[{"@type":"ReadAction","target":["https:\/\/vitoni-spritz.com\/it\/impressum\/"]}]},{"@type":"BreadcrumbList","@id":"https:\/\/vitoni-spritz.com\/it\/impressum\/#breadcrumb","itemListElement":[{"@type":"ListItem","position":1,"name":"Home","item":"https:\/\/vitoni-spritz.com\/it\/"},{"@type":"ListItem","position":2,"name":"Impressum"}]}]}},"_links":{"self":[{"href":"https:\/\/vitoni-spritz.com\/it\/wp-json\/wp\/v2\/pages\/2890"}],"collection":[{"href":"https:\/\/vitoni-spritz.com\/it\/wp-json\/wp\/v2\/pages"}],"about":[{"href":"https:\/\/vitoni-spritz.com\/it\/wp-json\/wp\/v2\/types\/page"}],"author":[{"embeddable":true,"href":"https:\/\/vitoni-spritz.com\/it\/wp-json\/wp\/v2\/users\/1"}],"replies":[{"embeddable":true,"href":"https:\/\/vitoni-spritz.com\/it\/wp-json\/wp\/v2\/comments?post=2890"}],"version-history":[{"count":1,"href":"https:\/\/vitoni-spritz.com\/it\/wp-json\/wp\/v2\/pages\/2890\/revisions"}],"predecessor-version":[{"id":2893,"href":"https:\/\/vitoni-spritz.com\/it\/wp-json\/wp\/v2\/pages\/2890\/revisions\/2893"}],"wp:attachment":[{"href":"https:\/\/vitoni-spritz.com\/it\/wp-json\/wp\/v2\/media?parent=2890"}],"curies":[{"name":"wp","href":"https:\/\/api.w.org\/{rel}","templated":true}]}}